{"id":69,"date":"2023-05-14T19:15:06","date_gmt":"2023-05-15T00:15:06","guid":{"rendered":"https:\/\/mobbyon.com\/?page_id=69"},"modified":"2023-11-30T11:06:42","modified_gmt":"2023-11-30T16:06:42","slug":"mobbyon-agencia","status":"publish","type":"page","link":"https:\/\/mobbyon.com\/en\/","title":{"rendered":"Comencemos a darle on a tus ideas | MobbyOn Agencia"},"content":{"rendered":"<div data-elementor-type=\"wp-page\" data-elementor-id=\"69\" class=\"elementor elementor-69\" data-elementor-post-type=\"page\">\n\t\t\t\t<div class=\"elementor-element elementor-element-5f9590c e-flex e-con-boxed e-con e-parent\" data-id=\"5f9590c\" data-element_type=\"container\" data-settings=\"{&quot;background_background&quot;:&quot;classic&quot;}\">\n\t\t\t\t\t<div class=\"e-con-inner\">\n\t\t<div class=\"elementor-element elementor-element-d974907 e-con-full e-flex e-con e-child\" data-id=\"d974907\" data-element_type=\"container\">\n\t\t\t\t<div class=\"elementor-element elementor-element-9160402 elementor-widget elementor-widget-heading\" data-id=\"9160402\" data-element_type=\"widget\" data-widget_type=\"heading.default\">\n\t\t\t\t<div class=\"elementor-widget-container\">\n\t\t\t\t\t<h2 class=\"elementor-heading-title elementor-size-default translation-block\">We offer what you <br> are looking for<\/h2>\t\t\t\t<\/div>\n\t\t\t\t<\/div>\n\t\t\t\t<div class=\"elementor-element elementor-element-73f2387 elementor-widget elementor-widget-text-editor\" data-id=\"73f2387\" data-element_type=\"widget\" data-widget_type=\"text-editor.default\">\n\t\t\t\t<div class=\"elementor-widget-container\">\n\t\t\t\t\t\t\t\t\t<p>MARKETING \/ GRAPHIC DESIGN \/ WEB DEVELOPMENT \/ UX\/UI DESIGN\/ DIGITAL ADVERTISING \/ SOCIAL MEDIA \/ BRAND DESIGN \/ CONTENT CREATION \/ STRATEGY CREATION<\/p>\t\t\t\t\t\t\t\t<\/div>\n\t\t\t\t<\/div>\n\t\t<div class=\"elementor-element elementor-element-aae4429 e-con-full e-flex e-con e-child\" data-id=\"aae4429\" data-element_type=\"container\">\n\t\t<div class=\"elementor-element elementor-element-ca9dc82 e-con-full e-flex e-con e-child\" data-id=\"ca9dc82\" data-element_type=\"container\">\n\t\t\t\t<\/div>\n\t\t<div class=\"elementor-element elementor-element-70c7382 e-con-full e-flex e-con e-child\" data-id=\"70c7382\" data-element_type=\"container\">\n\t\t\t\t<div class=\"elementor-element elementor-element-3eca5b0 elementor-widget elementor-widget-image\" data-id=\"3eca5b0\" data-element_type=\"widget\" data-widget_type=\"image.default\">\n\t\t\t\t<div class=\"elementor-widget-container\">\n\t\t\t\t\t\t\t\t\t\t\t\t\t\t\t<img fetchpriority=\"high\" decoding=\"async\" width=\"745\" height=\"574\" src=\"https:\/\/mobbyon.com\/wp-content\/uploads\/2023\/05\/detalles-seccion-2-inicio.png\" class=\"attachment-large size-large wp-image-72\" alt=\"\" srcset=\"https:\/\/mobbyon.com\/wp-content\/uploads\/2023\/05\/detalles-seccion-2-inicio.png 745w, https:\/\/mobbyon.com\/wp-content\/uploads\/2023\/05\/detalles-seccion-2-inicio-300x231.png 300w, https:\/\/mobbyon.com\/wp-content\/uploads\/2023\/05\/detalles-seccion-2-inicio-16x12.png 16w\" sizes=\"(max-width: 745px) 100vw, 745px\" \/>\t\t\t\t\t\t\t\t\t\t\t\t\t\t\t<\/div>\n\t\t\t\t<\/div>\n\t\t\t\t<\/div>\n\t\t\t\t<\/div>\n\t\t\t\t<\/div>\n\t\t\t\t\t<\/div>\n\t\t\t\t<\/div>\n\t\t<div class=\"elementor-element elementor-element-c9c5674 e-con-full e-flex e-con e-parent\" data-id=\"c9c5674\" data-element_type=\"container\">\n\t\t<div class=\"elementor-element elementor-element-1f626f8 e-con-full e-flex e-con e-child\" data-id=\"1f626f8\" data-element_type=\"container\">\n\t\t\t\t<div class=\"elementor-element elementor-element-1d77fb9 elementor-widget elementor-widget-heading\" data-id=\"1d77fb9\" data-element_type=\"widget\" data-widget_type=\"heading.default\">\n\t\t\t\t<div class=\"elementor-widget-container\">\n\t\t\t\t\t<h2 class=\"elementor-heading-title elementor-size-default\">Brands that have switched ON their ideas<\/h2>\t\t\t\t<\/div>\n\t\t\t\t<\/div>\n\t\t\t\t<div class=\"elementor-element elementor-element-3189466 elementor-widget elementor-widget-text-editor\" data-id=\"3189466\" data-element_type=\"widget\" data-widget_type=\"text-editor.default\">\n\t\t\t\t<div class=\"elementor-widget-container\">\n\t\t\t\t\t\t\t\t\t<p>We work with companies or organizations of all sizes regardless of the stage of growth\u00a0they\u00a0are\u00a0in.<\/p>\t\t\t\t\t\t\t\t<\/div>\n\t\t\t\t<\/div>\n\t\t\t\t<div class=\"elementor-element elementor-element-47ba68d elementor-arrows-position-inside elementor-widget elementor-widget-image-carousel\" data-id=\"47ba68d\" data-element_type=\"widget\" data-settings=\"{&quot;slides_to_show&quot;:&quot;5&quot;,&quot;slides_to_scroll&quot;:&quot;1&quot;,&quot;navigation&quot;:&quot;arrows&quot;,&quot;pause_on_interaction&quot;:&quot;no&quot;,&quot;image_spacing_custom&quot;:{&quot;unit&quot;:&quot;px&quot;,&quot;size&quot;:100,&quot;sizes&quot;:[]},&quot;slides_to_show_mobile&quot;:&quot;2&quot;,&quot;image_spacing_custom_mobile&quot;:{&quot;unit&quot;:&quot;px&quot;,&quot;size&quot;:45,&quot;sizes&quot;:[]},&quot;autoplay&quot;:&quot;yes&quot;,&quot;pause_on_hover&quot;:&quot;yes&quot;,&quot;autoplay_speed&quot;:5000,&quot;infinite&quot;:&quot;yes&quot;,&quot;speed&quot;:500,&quot;image_spacing_custom_tablet&quot;:{&quot;unit&quot;:&quot;px&quot;,&quot;size&quot;:&quot;&quot;,&quot;sizes&quot;:[]}}\" data-widget_type=\"image-carousel.default\">\n\t\t\t\t<div class=\"elementor-widget-container\">\n\t\t\t\t\t\t\t<div class=\"elementor-image-carousel-wrapper swiper\" role=\"region\" aria-roledescription=\"carousel\" aria-label=\"Image Carousel\" dir=\"ltr\">\n\t\t\t<div class=\"elementor-image-carousel swiper-wrapper\" aria-live=\"off\">\n\t\t\t\t\t\t\t\t<div class=\"swiper-slide\" role=\"group\" aria-roledescription=\"slide\" aria-label=\"1 of 13\"><figure class=\"swiper-slide-inner\"><img decoding=\"async\" class=\"swiper-slide-image\" src=\"https:\/\/mobbyon.com\/wp-content\/uploads\/2023\/08\/PetroRabigh.png\" alt=\"PetroRabigh\" \/><\/figure><\/div><div class=\"swiper-slide\" role=\"group\" aria-roledescription=\"slide\" aria-label=\"2 of 13\"><figure class=\"swiper-slide-inner\"><img decoding=\"async\" class=\"swiper-slide-image\" src=\"https:\/\/mobbyon.com\/wp-content\/uploads\/2023\/08\/Esmeralda.png\" alt=\"Esmeralda\" \/><\/figure><\/div><div class=\"swiper-slide\" role=\"group\" aria-roledescription=\"slide\" aria-label=\"3 of 13\"><figure class=\"swiper-slide-inner\"><img decoding=\"async\" class=\"swiper-slide-image\" src=\"https:\/\/mobbyon.com\/wp-content\/uploads\/2023\/08\/Aramco.png\" alt=\"Aramco\" \/><\/figure><\/div><div class=\"swiper-slide\" role=\"group\" aria-roledescription=\"slide\" aria-label=\"4 of 13\"><figure class=\"swiper-slide-inner\"><img decoding=\"async\" class=\"swiper-slide-image\" src=\"https:\/\/mobbyon.com\/wp-content\/uploads\/2023\/08\/Colsanitas.png\" alt=\"Colsanitas\" \/><\/figure><\/div><div class=\"swiper-slide\" role=\"group\" aria-roledescription=\"slide\" aria-label=\"5 of 13\"><figure class=\"swiper-slide-inner\"><img decoding=\"async\" class=\"swiper-slide-image\" src=\"https:\/\/mobbyon.com\/wp-content\/uploads\/2023\/08\/TheHubShop.png\" alt=\"TheHubShop\" \/><\/figure><\/div><div class=\"swiper-slide\" role=\"group\" aria-roledescription=\"slide\" aria-label=\"6 of 13\"><figure class=\"swiper-slide-inner\"><img decoding=\"async\" class=\"swiper-slide-image\" src=\"https:\/\/mobbyon.com\/wp-content\/uploads\/2023\/08\/Pixkyle.png\" alt=\"Pixkyle\" \/><\/figure><\/div><div class=\"swiper-slide\" role=\"group\" aria-roledescription=\"slide\" aria-label=\"7 of 13\"><figure class=\"swiper-slide-inner\"><img decoding=\"async\" class=\"swiper-slide-image\" src=\"https:\/\/mobbyon.com\/wp-content\/uploads\/2023\/08\/GrupoExito.png\" alt=\"GrupoExito\" \/><\/figure><\/div><div class=\"swiper-slide\" role=\"group\" aria-roledescription=\"slide\" aria-label=\"8 of 13\"><figure class=\"swiper-slide-inner\"><img decoding=\"async\" class=\"swiper-slide-image\" src=\"https:\/\/mobbyon.com\/wp-content\/uploads\/2023\/08\/Ecopetrol.png\" alt=\"Ecopetrol\" \/><\/figure><\/div><div class=\"swiper-slide\" role=\"group\" aria-roledescription=\"slide\" aria-label=\"9 of 13\"><figure class=\"swiper-slide-inner\"><img decoding=\"async\" class=\"swiper-slide-image\" src=\"https:\/\/mobbyon.com\/wp-content\/uploads\/2023\/08\/LHR-Americas.png\" alt=\"LHR Americas\" \/><\/figure><\/div><div class=\"swiper-slide\" role=\"group\" aria-roledescription=\"slide\" aria-label=\"10 of 13\"><figure class=\"swiper-slide-inner\"><img decoding=\"async\" class=\"swiper-slide-image\" src=\"https:\/\/mobbyon.com\/wp-content\/uploads\/2023\/08\/NaranjaMedia.png\" alt=\"NaranjaMedia\" \/><\/figure><\/div><div class=\"swiper-slide\" role=\"group\" aria-roledescription=\"slide\" aria-label=\"11 of 13\"><figure class=\"swiper-slide-inner\"><img decoding=\"async\" class=\"swiper-slide-image\" src=\"https:\/\/mobbyon.com\/wp-content\/uploads\/2023\/08\/3M.png\" alt=\"3M\" \/><\/figure><\/div><div class=\"swiper-slide\" role=\"group\" aria-roledescription=\"slide\" aria-label=\"12 of 13\"><figure class=\"swiper-slide-inner\"><img decoding=\"async\" class=\"swiper-slide-image\" src=\"https:\/\/mobbyon.com\/wp-content\/uploads\/2023\/08\/BID.png\" alt=\"BID\" \/><\/figure><\/div><div class=\"swiper-slide\" role=\"group\" aria-roledescription=\"slide\" aria-label=\"13 of 13\"><figure class=\"swiper-slide-inner\"><img decoding=\"async\" class=\"swiper-slide-image\" src=\"https:\/\/mobbyon.com\/wp-content\/uploads\/2023\/08\/Syngenta.png\" alt=\"Syngenta\" \/><\/figure><\/div>\t\t\t<\/div>\n\t\t\t\t\t\t\t\t\t\t\t\t<div class=\"elementor-swiper-button elementor-swiper-button-prev\" role=\"button\" tabindex=\"0\">\n\t\t\t\t\t\t<i aria-hidden=\"true\" class=\"eicon-chevron-left\"><\/i>\t\t\t\t\t<\/div>\n\t\t\t\t\t<div class=\"elementor-swiper-button elementor-swiper-button-next\" role=\"button\" tabindex=\"0\">\n\t\t\t\t\t\t<i aria-hidden=\"true\" class=\"eicon-chevron-right\"><\/i>\t\t\t\t\t<\/div>\n\t\t\t\t\n\t\t\t\t\t\t\t\t\t<\/div>\n\t\t\t\t\t\t<\/div>\n\t\t\t\t<\/div>\n\t\t\t\t<\/div>\n\t\t\t\t<\/div>\n\t\t<div class=\"elementor-element elementor-element-090ca6f e-flex e-con-boxed e-con e-parent\" data-id=\"090ca6f\" data-element_type=\"container\" data-settings=\"{&quot;background_background&quot;:&quot;classic&quot;}\">\n\t\t\t\t\t<div class=\"e-con-inner\">\n\t\t<div class=\"elementor-element elementor-element-a8d951c e-con-full e-flex e-con e-child\" data-id=\"a8d951c\" data-element_type=\"container\">\n\t\t\t\t<div class=\"elementor-element elementor-element-f1d77aa elementor-widget elementor-widget-text-editor\" data-id=\"f1d77aa\" data-element_type=\"widget\" data-widget_type=\"text-editor.default\">\n\t\t\t\t<div class=\"elementor-widget-container\">\n\t\t\t\t\t\t\t\t\t<p>WE SPECIALIZE IN TURNING YOUR IDEAS TO LIFE THROUGH AN UNIQUE VISUAL IDENTITY, EFFECTIVE STRATEGIES, AND MEMORABLE STORIES.<\/p>\t\t\t\t\t\t\t\t<\/div>\n\t\t\t\t<\/div>\n\t\t\t\t<div class=\"elementor-element elementor-element-1ae8f88 elementor-align-center elementor-widget elementor-widget-button\" data-id=\"1ae8f88\" data-element_type=\"widget\" data-widget_type=\"button.default\">\n\t\t\t\t<div class=\"elementor-widget-container\">\n\t\t\t\t\t\t\t\t\t<div class=\"elementor-button-wrapper\">\n\t\t\t\t\t<a class=\"elementor-button elementor-button-link elementor-size-lg\" href=\"https:\/\/wa.link\/ac0cjf\" target=\"_blank\">\n\t\t\t\t\t\t<span class=\"elementor-button-content-wrapper\">\n\t\t\t\t\t\t<span class=\"elementor-button-icon\">\n\t\t\t\t<i aria-hidden=\"true\" class=\"fas fa-arrow-right\"><\/i>\t\t\t<\/span>\n\t\t\t\t\t\t\t\t\t<span class=\"elementor-button-text\">Shall we begin?<\/span>\n\t\t\t\t\t<\/span>\n\t\t\t\t\t<\/a>\n\t\t\t\t<\/div>\n\t\t\t\t\t\t\t\t<\/div>\n\t\t\t\t<\/div>\n\t\t\t\t<\/div>\n\t\t\t\t\t<\/div>\n\t\t\t\t<\/div>\n\t\t<div class=\"elementor-element elementor-element-3e18433 e-con-full e-flex e-con e-parent\" data-id=\"3e18433\" data-element_type=\"container\">\n\t\t<div class=\"elementor-element elementor-element-c053d8c e-con-full e-flex e-con e-child\" data-id=\"c053d8c\" data-element_type=\"container\" data-settings=\"{&quot;background_background&quot;:&quot;classic&quot;}\">\n\t\t\t\t<\/div>\n\t\t<div class=\"elementor-element elementor-element-a8106c3 e-con-full e-flex e-con e-child\" data-id=\"a8106c3\" data-element_type=\"container\" data-settings=\"{&quot;background_background&quot;:&quot;classic&quot;}\">\n\t\t\t\t<\/div>\n\t\t<div class=\"elementor-element elementor-element-9b3c3bb e-con-full e-flex e-con e-child\" data-id=\"9b3c3bb\" data-element_type=\"container\" data-settings=\"{&quot;background_background&quot;:&quot;classic&quot;}\">\n\t\t\t\t<\/div>\n\t\t<div class=\"elementor-element elementor-element-701bce5 e-con-full e-flex e-con e-child\" data-id=\"701bce5\" data-element_type=\"container\" data-settings=\"{&quot;background_background&quot;:&quot;classic&quot;}\">\n\t\t\t\t<\/div>\n\t\t<div class=\"elementor-element elementor-element-d2d63e3 e-con-full e-flex e-con e-child\" data-id=\"d2d63e3\" data-element_type=\"container\" data-settings=\"{&quot;background_background&quot;:&quot;classic&quot;}\">\n\t\t\t\t<\/div>\n\t\t<div class=\"elementor-element elementor-element-fb9a3be e-con-full e-flex e-con e-child\" data-id=\"fb9a3be\" data-element_type=\"container\" data-settings=\"{&quot;background_background&quot;:&quot;classic&quot;}\">\n\t\t\t\t<\/div>\n\t\t<div class=\"elementor-element elementor-element-ffa09cc e-con-full e-flex e-con e-child\" data-id=\"ffa09cc\" data-element_type=\"container\" data-settings=\"{&quot;background_background&quot;:&quot;classic&quot;}\">\n\t\t\t\t<\/div>\n\t\t<div class=\"elementor-element elementor-element-ae21a39 e-con-full e-flex e-con e-child\" data-id=\"ae21a39\" data-element_type=\"container\" data-settings=\"{&quot;background_background&quot;:&quot;classic&quot;}\">\n\t\t\t\t<\/div>\n\t\t\t\t<\/div>\n\t\t\t\t<\/div>","protected":false},"excerpt":{"rendered":"<p>Te ofrecemos lo que est\u00e1s buscando MARKETING \/ DISE\u00d1O GR\u00c1FICO \/ DESARROLLO WEB \/ DISE\u00d1O UX\/UI \/ PAUTA DIGITAL \/ SOCIAL MEDIA \/ CREACI\u00d3N DE MARCA \/ IDEACI\u00d3N DE CONTENIDO \/ CREACI\u00d3N DE ESTRATEGIAS Marcas que le han dado ON a sus ideas Trabajamos con compa\u00f1\u00edas u organizaciones de todos los tama\u00f1os sin importar el [&hellip;]<\/p>\n","protected":false},"author":1,"featured_media":21,"parent":0,"menu_order":0,"comment_status":"closed","ping_status":"closed","template":"","meta":{"footnotes":"","_joinchat":[]},"_links":{"self":[{"href":"https:\/\/mobbyon.com\/en\/wp-json\/wp\/v2\/pages\/69"}],"collection":[{"href":"https:\/\/mobbyon.com\/en\/wp-json\/wp\/v2\/pages"}],"about":[{"href":"https:\/\/mobbyon.com\/en\/wp-json\/wp\/v2\/types\/page"}],"author":[{"embeddable":true,"href":"https:\/\/mobbyon.com\/en\/wp-json\/wp\/v2\/users\/1"}],"replies":[{"embeddable":true,"href":"https:\/\/mobbyon.com\/en\/wp-json\/wp\/v2\/comments?post=69"}],"version-history":[{"count":70,"href":"https:\/\/mobbyon.com\/en\/wp-json\/wp\/v2\/pages\/69\/revisions"}],"predecessor-version":[{"id":276,"href":"https:\/\/mobbyon.com\/en\/wp-json\/wp\/v2\/pages\/69\/revisions\/276"}],"wp:featuredmedia":[{"embeddable":true,"href":"https:\/\/mobbyon.com\/en\/wp-json\/wp\/v2\/media\/21"}],"wp:attachment":[{"href":"https:\/\/mobbyon.com\/en\/wp-json\/wp\/v2\/media?parent=69"}],"curies":[{"name":"wp","href":"https:\/\/api.w.org\/{rel}","templated":true}]}}