{"id":201,"date":"2023-08-20T00:22:47","date_gmt":"2023-08-20T05:22:47","guid":{"rendered":"https:\/\/mobbyon.com\/?page_id=201"},"modified":"2023-11-30T11:08:50","modified_gmt":"2023-11-30T16:08:50","slug":"conocenos","status":"publish","type":"page","link":"https:\/\/mobbyon.com\/en\/conocenos\/","title":{"rendered":"Con\u00f3cenos"},"content":{"rendered":"<div data-elementor-type=\"wp-page\" data-elementor-id=\"201\" class=\"elementor elementor-201\" data-elementor-post-type=\"page\">\n\t\t\t\t<div class=\"elementor-element elementor-element-0864690 e-flex e-con-boxed e-con e-parent\" data-id=\"0864690\" data-element_type=\"container\" data-settings=\"{&quot;background_background&quot;:&quot;classic&quot;}\">\n\t\t\t\t\t<div class=\"e-con-inner\">\n\t\t\t\t<div class=\"elementor-element elementor-element-f626d80 elementor-widget-divider--view-line elementor-widget elementor-widget-divider\" data-id=\"f626d80\" data-element_type=\"widget\" data-widget_type=\"divider.default\">\n\t\t\t\t<div class=\"elementor-widget-container\">\n\t\t\t\t\t\t\t<div class=\"elementor-divider\">\n\t\t\t<span class=\"elementor-divider-separator\">\n\t\t\t\t\t\t<\/span>\n\t\t<\/div>\n\t\t\t\t\t\t<\/div>\n\t\t\t\t<\/div>\n\t\t\t\t<div class=\"elementor-element elementor-element-1480630 elementor-widget elementor-widget-text-editor\" data-id=\"1480630\" data-element_type=\"widget\" data-widget_type=\"text-editor.default\">\n\t\t\t\t<div class=\"elementor-widget-container\">\n\t\t\t\t\t\t\t\t\t<p>Por eso encendemos nuestro lado creativo para construir la energ\u00eda que har\u00e1 mover a tu negocio.<\/p>\t\t\t\t\t\t\t\t<\/div>\n\t\t\t\t<\/div>\n\t\t\t\t<div class=\"elementor-element elementor-element-e9bc207 elementor-widget-divider--view-line elementor-widget elementor-widget-divider\" data-id=\"e9bc207\" data-element_type=\"widget\" data-widget_type=\"divider.default\">\n\t\t\t\t<div class=\"elementor-widget-container\">\n\t\t\t\t\t\t\t<div class=\"elementor-divider\">\n\t\t\t<span class=\"elementor-divider-separator\">\n\t\t\t\t\t\t<\/span>\n\t\t<\/div>\n\t\t\t\t\t\t<\/div>\n\t\t\t\t<\/div>\n\t\t\t\t\t<\/div>\n\t\t\t\t<\/div>\n\t\t<div class=\"elementor-element elementor-element-fb54708 e-con-full e-flex e-con e-parent\" data-id=\"fb54708\" data-element_type=\"container\" data-settings=\"{&quot;background_background&quot;:&quot;classic&quot;}\">\n\t\t\t\t<div class=\"elementor-element elementor-element-0550406 elementor-widget elementor-widget-heading\" data-id=\"0550406\" data-element_type=\"widget\" data-widget_type=\"heading.default\">\n\t\t\t\t<div class=\"elementor-widget-container\">\n\t\t\t\t\t<h2 class=\"elementor-heading-title elementor-size-default\">Conoce nuestro team<\/h2>\t\t\t\t<\/div>\n\t\t\t\t<\/div>\n\t\t\t\t<div class=\"elementor-element elementor-element-9f1c8ef elementor-widget-divider--view-line elementor-widget elementor-widget-divider\" data-id=\"9f1c8ef\" data-element_type=\"widget\" data-widget_type=\"divider.default\">\n\t\t\t\t<div class=\"elementor-widget-container\">\n\t\t\t\t\t\t\t<div class=\"elementor-divider\">\n\t\t\t<span class=\"elementor-divider-separator\">\n\t\t\t\t\t\t<\/span>\n\t\t<\/div>\n\t\t\t\t\t\t<\/div>\n\t\t\t\t<\/div>\n\t\t<div class=\"elementor-element elementor-element-df8a29b e-con-full e-flex e-con e-child\" data-id=\"df8a29b\" data-element_type=\"container\">\n\t\t<div class=\"elementor-element elementor-element-3d53931 e-con-full e-flex e-con e-child\" data-id=\"3d53931\" data-element_type=\"container\">\n\t\t\t\t<div class=\"elementor-element elementor-element-d1f8e26 elementor-flip-box--3d elementor-flip-box--effect-flip elementor-flip-box--direction-up elementor-widget elementor-widget-flip-box\" data-id=\"d1f8e26\" data-element_type=\"widget\" data-widget_type=\"flip-box.default\">\n\t\t\t\t<div class=\"elementor-widget-container\">\n\t\t\t\t\t\t\t<div class=\"elementor-flip-box\" tabindex=\"0\">\n\t\t\t<div class=\"elementor-flip-box__layer elementor-flip-box__front\">\n\t\t\t\t<div class=\"elementor-flip-box__layer__overlay\">\n\t\t\t\t\t<div class=\"elementor-flip-box__layer__inner\">\n\t\t\t\t\t\t\t\t\t\t\t\t\t<div class=\"elementor-icon-wrapper elementor-view-default\">\n\t\t\t\t\t\t\t\t<div class=\"elementor-icon\">\n\t\t\t\t\t\t\t\t\t\t\t\t\t\t\t\t\t<\/div>\n\t\t\t\t\t\t\t<\/div>\n\t\t\t\t\t\t\n\t\t\t\t\t\t\t\t\t\t\t\t\t<h3 class=\"elementor-flip-box__layer__title\">\n\t\t\t\t\t\t\t\tMARI\t\t\t\t\t\t\t<\/h3>\n\t\t\t\t\t\t\n\t\t\t\t\t\t\t\t\t\t\t\t\t<div class=\"elementor-flip-box__layer__description\">\n\t\t\t\t\t\t\t\tDirectora de Cuentas\t\t\t\t\t\t\t<\/div>\n\t\t\t\t\t\t\t\t\t\t\t<\/div>\n\t\t\t\t<\/div>\n\t\t\t<\/div>\n\t\t\t<div class=\"elementor-flip-box__layer elementor-flip-box__back\">\n\t\t\t<div class=\"elementor-flip-box__layer__overlay\">\n\t\t\t\t<div class=\"elementor-flip-box__layer__inner\">\n\t\t\t\t\t\n\t\t\t\t\t\n\t\t\t\t\t\t\t\t<\/div>\n\t\t<\/div>\n\t\t<\/div>\n\t\t<\/div>\n\t\t\t\t\t\t<\/div>\n\t\t\t\t<\/div>\n\t\t\t\t<\/div>\n\t\t<div class=\"elementor-element elementor-element-7f40766 e-con-full e-flex e-con e-child\" data-id=\"7f40766\" data-element_type=\"container\">\n\t\t\t\t<div class=\"elementor-element elementor-element-d909560 elementor-flip-box--3d elementor-flip-box--effect-flip elementor-flip-box--direction-up elementor-widget elementor-widget-flip-box\" data-id=\"d909560\" data-element_type=\"widget\" data-widget_type=\"flip-box.default\">\n\t\t\t\t<div class=\"elementor-widget-container\">\n\t\t\t\t\t\t\t<div class=\"elementor-flip-box\" tabindex=\"0\">\n\t\t\t<div class=\"elementor-flip-box__layer elementor-flip-box__front\">\n\t\t\t\t<div class=\"elementor-flip-box__layer__overlay\">\n\t\t\t\t\t<div class=\"elementor-flip-box__layer__inner\">\n\t\t\t\t\t\t\t\t\t\t\t\t\t<div class=\"elementor-icon-wrapper elementor-view-default\">\n\t\t\t\t\t\t\t\t<div class=\"elementor-icon\">\n\t\t\t\t\t\t\t\t\t\t\t\t\t\t\t\t\t<\/div>\n\t\t\t\t\t\t\t<\/div>\n\t\t\t\t\t\t\n\t\t\t\t\t\t\t\t\t\t\t\t\t<h3 class=\"elementor-flip-box__layer__title\">\n\t\t\t\t\t\t\t\tTEBAN\t\t\t\t\t\t\t<\/h3>\n\t\t\t\t\t\t\n\t\t\t\t\t\t\t\t\t\t\t\t\t<div class=\"elementor-flip-box__layer__description\">\n\t\t\t\t\t\t\t\tEspecialista SEM\t\t\t\t\t\t\t<\/div>\n\t\t\t\t\t\t\t\t\t\t\t<\/div>\n\t\t\t\t<\/div>\n\t\t\t<\/div>\n\t\t\t<div class=\"elementor-flip-box__layer elementor-flip-box__back\">\n\t\t\t<div class=\"elementor-flip-box__layer__overlay\">\n\t\t\t\t<div class=\"elementor-flip-box__layer__inner\">\n\t\t\t\t\t\n\t\t\t\t\t\n\t\t\t\t\t\t\t\t<\/div>\n\t\t<\/div>\n\t\t<\/div>\n\t\t<\/div>\n\t\t\t\t\t\t<\/div>\n\t\t\t\t<\/div>\n\t\t\t\t<\/div>\n\t\t<div class=\"elementor-element elementor-element-be5be49 e-con-full e-flex e-con e-child\" data-id=\"be5be49\" data-element_type=\"container\">\n\t\t\t\t<div class=\"elementor-element elementor-element-6f143a4 elementor-flip-box--3d elementor-flip-box--effect-flip elementor-flip-box--direction-up elementor-widget elementor-widget-flip-box\" data-id=\"6f143a4\" data-element_type=\"widget\" data-widget_type=\"flip-box.default\">\n\t\t\t\t<div class=\"elementor-widget-container\">\n\t\t\t\t\t\t\t<div class=\"elementor-flip-box\" tabindex=\"0\">\n\t\t\t<div class=\"elementor-flip-box__layer elementor-flip-box__front\">\n\t\t\t\t<div class=\"elementor-flip-box__layer__overlay\">\n\t\t\t\t\t<div class=\"elementor-flip-box__layer__inner\">\n\t\t\t\t\t\t\t\t\t\t\t\t\t<div class=\"elementor-icon-wrapper elementor-view-default\">\n\t\t\t\t\t\t\t\t<div class=\"elementor-icon\">\n\t\t\t\t\t\t\t\t\t\t\t\t\t\t\t\t\t<\/div>\n\t\t\t\t\t\t\t<\/div>\n\t\t\t\t\t\t\n\t\t\t\t\t\t\t\t\t\t\t\t\t<h3 class=\"elementor-flip-box__layer__title\">\n\t\t\t\t\t\t\t\tVALEN\t\t\t\t\t\t\t<\/h3>\n\t\t\t\t\t\t\n\t\t\t\t\t\t\t\t\t\t\t\t\t<div class=\"elementor-flip-box__layer__description\">\n\t\t\t\t\t\t\t\tDise\u00f1adora Gr\u00e1fica\t\t\t\t\t\t\t<\/div>\n\t\t\t\t\t\t\t\t\t\t\t<\/div>\n\t\t\t\t<\/div>\n\t\t\t<\/div>\n\t\t\t<div class=\"elementor-flip-box__layer elementor-flip-box__back\">\n\t\t\t<div class=\"elementor-flip-box__layer__overlay\">\n\t\t\t\t<div class=\"elementor-flip-box__layer__inner\">\n\t\t\t\t\t\n\t\t\t\t\t\n\t\t\t\t\t\t\t\t<\/div>\n\t\t<\/div>\n\t\t<\/div>\n\t\t<\/div>\n\t\t\t\t\t\t<\/div>\n\t\t\t\t<\/div>\n\t\t\t\t<\/div>\n\t\t<div class=\"elementor-element elementor-element-298175b e-con-full e-flex e-con e-child\" data-id=\"298175b\" data-element_type=\"container\">\n\t\t\t\t<div class=\"elementor-element elementor-element-85753b6 elementor-flip-box--3d elementor-flip-box--effect-flip elementor-flip-box--direction-up elementor-widget elementor-widget-flip-box\" data-id=\"85753b6\" data-element_type=\"widget\" data-widget_type=\"flip-box.default\">\n\t\t\t\t<div class=\"elementor-widget-container\">\n\t\t\t\t\t\t\t<div class=\"elementor-flip-box\" tabindex=\"0\">\n\t\t\t<div class=\"elementor-flip-box__layer elementor-flip-box__front\">\n\t\t\t\t<div class=\"elementor-flip-box__layer__overlay\">\n\t\t\t\t\t<div class=\"elementor-flip-box__layer__inner\">\n\t\t\t\t\t\t\t\t\t\t\t\t\t<div class=\"elementor-icon-wrapper elementor-view-default\">\n\t\t\t\t\t\t\t\t<div class=\"elementor-icon\">\n\t\t\t\t\t\t\t\t\t\t\t\t\t\t\t\t\t<\/div>\n\t\t\t\t\t\t\t<\/div>\n\t\t\t\t\t\t\n\t\t\t\t\t\t\t\t\t\t\t\t\t<h3 class=\"elementor-flip-box__layer__title\">\n\t\t\t\t\t\t\t\tLAU\t\t\t\t\t\t\t<\/h3>\n\t\t\t\t\t\t\n\t\t\t\t\t\t\t\t\t\t\t\t\t<div class=\"elementor-flip-box__layer__description\">\n\t\t\t\t\t\t\t\tCreadora de Contenido\t\t\t\t\t\t\t<\/div>\n\t\t\t\t\t\t\t\t\t\t\t<\/div>\n\t\t\t\t<\/div>\n\t\t\t<\/div>\n\t\t\t<div class=\"elementor-flip-box__layer elementor-flip-box__back\">\n\t\t\t<div class=\"elementor-flip-box__layer__overlay\">\n\t\t\t\t<div class=\"elementor-flip-box__layer__inner\">\n\t\t\t\t\t\n\t\t\t\t\t\n\t\t\t\t\t\t\t\t<\/div>\n\t\t<\/div>\n\t\t<\/div>\n\t\t<\/div>\n\t\t\t\t\t\t<\/div>\n\t\t\t\t<\/div>\n\t\t\t\t<\/div>\n\t\t\t\t<\/div>\n\t\t\t\t<div class=\"elementor-element elementor-element-ba1ec66 elementor-widget-divider--view-line elementor-widget elementor-widget-divider\" data-id=\"ba1ec66\" data-element_type=\"widget\" data-widget_type=\"divider.default\">\n\t\t\t\t<div class=\"elementor-widget-container\">\n\t\t\t\t\t\t\t<div class=\"elementor-divider\">\n\t\t\t<span class=\"elementor-divider-separator\">\n\t\t\t\t\t\t<\/span>\n\t\t<\/div>\n\t\t\t\t\t\t<\/div>\n\t\t\t\t<\/div>\n\t\t\t\t<div class=\"elementor-element elementor-element-509699d elementor-widget elementor-widget-text-editor\" data-id=\"509699d\" data-element_type=\"widget\" data-widget_type=\"text-editor.default\">\n\t\t\t\t<div class=\"elementor-widget-container\">\n\t\t\t\t\t\t\t\t\t<p>Tambi\u00e9n trabajamos con<\/p>\t\t\t\t\t\t\t\t<\/div>\n\t\t\t\t<\/div>\n\t\t\t\t<div class=\"elementor-element elementor-element-6862371 elementor-icon-list--layout-inline elementor-align-center elementor-mobile-align-left elementor-list-item-link-full_width elementor-widget elementor-widget-icon-list\" data-id=\"6862371\" data-element_type=\"widget\" data-widget_type=\"icon-list.default\">\n\t\t\t\t<div class=\"elementor-widget-container\">\n\t\t\t\t\t\t\t<ul class=\"elementor-icon-list-items elementor-inline-items\">\n\t\t\t\t\t\t\t<li class=\"elementor-icon-list-item elementor-inline-item\">\n\t\t\t\t\t\t\t\t\t\t\t<span class=\"elementor-icon-list-icon\">\n\t\t\t\t\t\t\t<svg xmlns=\"http:\/\/www.w3.org\/2000\/svg\" width=\"43.436\" height=\"47.751\" viewbox=\"0 0 43.436 47.751\"><defs><style>      .cls-1 {        fill: #0024d8;      }    <\/style><\/defs><path id=\"Path_3021\" data-name=\"Path 3021\" class=\"cls-1\" d=\"M114.77,27.748l9.035-1.775a1.336,1.336,0,0,1,1.29,2.259l-5.646,7.582c-3.871,4.678-7.581,3.065-9.517.162-1.613-2.743-1.291-7.421,4.839-8.227m5-15.809,5.323,7.582c1.291,1.291.484,2.581-1.29,2.259l-9.035-1.775c-6.13-.807-6.452-5.485-4.516-8.227,1.613-2.9,5.323-5,9.517.162M130.74,0c3.388,0,7.259,2.743,5,8.066l-3.549,8.551c-.645,1.613-1.774,1.613-2.42,0l-3.549-8.551C123.643,2.744,127.514,0,130.74,0m-1.452,31.135c.646-1.613,2.259-1.613,2.9,0l3.226,8.55c2.581,5.808-1.29,8.066-4.678,8.066-3.226,0-7.1-2.258-4.517-8.066Zm12.906-19.2c3.711-5.162,7.582-3.065,9.519-.162,1.613,2.743,1.29,7.421-4.84,8.227l-9.033,1.775a1.337,1.337,0,0,1-1.291-2.259Zm-4.355,14.035,9.033,1.775c6.13.806,6.453,5.485,4.84,8.227-1.936,2.9-6.13,4.517-9.519-.162l-5.646-7.582a1.337,1.337,0,0,1,1.291-2.259\" transform=\"translate(-109.103 -0.001)\"><\/path><\/svg>\t\t\t\t\t\t<\/span>\n\t\t\t\t\t\t\t\t\t\t<span class=\"elementor-icon-list-text\"><span>SEBAS<\/span> <br> Desarrollador Web<\/span>\n\t\t\t\t\t\t\t\t\t<\/li>\n\t\t\t\t\t\t\t\t<li class=\"elementor-icon-list-item elementor-inline-item\">\n\t\t\t\t\t\t\t\t\t\t\t<span class=\"elementor-icon-list-icon\">\n\t\t\t\t\t\t\t<svg xmlns=\"http:\/\/www.w3.org\/2000\/svg\" width=\"43.436\" height=\"47.751\" viewbox=\"0 0 43.436 47.751\"><defs><style>      .cls-1 {        fill: #0024d8;      }    <\/style><\/defs><path id=\"Path_3021\" data-name=\"Path 3021\" class=\"cls-1\" d=\"M114.77,27.748l9.035-1.775a1.336,1.336,0,0,1,1.29,2.259l-5.646,7.582c-3.871,4.678-7.581,3.065-9.517.162-1.613-2.743-1.291-7.421,4.839-8.227m5-15.809,5.323,7.582c1.291,1.291.484,2.581-1.29,2.259l-9.035-1.775c-6.13-.807-6.452-5.485-4.516-8.227,1.613-2.9,5.323-5,9.517.162M130.74,0c3.388,0,7.259,2.743,5,8.066l-3.549,8.551c-.645,1.613-1.774,1.613-2.42,0l-3.549-8.551C123.643,2.744,127.514,0,130.74,0m-1.452,31.135c.646-1.613,2.259-1.613,2.9,0l3.226,8.55c2.581,5.808-1.29,8.066-4.678,8.066-3.226,0-7.1-2.258-4.517-8.066Zm12.906-19.2c3.711-5.162,7.582-3.065,9.519-.162,1.613,2.743,1.29,7.421-4.84,8.227l-9.033,1.775a1.337,1.337,0,0,1-1.291-2.259Zm-4.355,14.035,9.033,1.775c6.13.806,6.453,5.485,4.84,8.227-1.936,2.9-6.13,4.517-9.519-.162l-5.646-7.582a1.337,1.337,0,0,1,1.291-2.259\" transform=\"translate(-109.103 -0.001)\"><\/path><\/svg>\t\t\t\t\t\t<\/span>\n\t\t\t\t\t\t\t\t\t\t<span class=\"elementor-icon-list-text\"><span>CORI<\/span> <br> Dise\u00f1adora UX\/UI<\/span>\n\t\t\t\t\t\t\t\t\t<\/li>\n\t\t\t\t\t\t\t\t<li class=\"elementor-icon-list-item elementor-inline-item\">\n\t\t\t\t\t\t\t\t\t\t\t<span class=\"elementor-icon-list-icon\">\n\t\t\t\t\t\t\t<svg xmlns=\"http:\/\/www.w3.org\/2000\/svg\" width=\"43.436\" height=\"47.751\" viewbox=\"0 0 43.436 47.751\"><defs><style>      .cls-1 {        fill: #0024d8;      }    <\/style><\/defs><path id=\"Path_3021\" data-name=\"Path 3021\" class=\"cls-1\" d=\"M114.77,27.748l9.035-1.775a1.336,1.336,0,0,1,1.29,2.259l-5.646,7.582c-3.871,4.678-7.581,3.065-9.517.162-1.613-2.743-1.291-7.421,4.839-8.227m5-15.809,5.323,7.582c1.291,1.291.484,2.581-1.29,2.259l-9.035-1.775c-6.13-.807-6.452-5.485-4.516-8.227,1.613-2.9,5.323-5,9.517.162M130.74,0c3.388,0,7.259,2.743,5,8.066l-3.549,8.551c-.645,1.613-1.774,1.613-2.42,0l-3.549-8.551C123.643,2.744,127.514,0,130.74,0m-1.452,31.135c.646-1.613,2.259-1.613,2.9,0l3.226,8.55c2.581,5.808-1.29,8.066-4.678,8.066-3.226,0-7.1-2.258-4.517-8.066Zm12.906-19.2c3.711-5.162,7.582-3.065,9.519-.162,1.613,2.743,1.29,7.421-4.84,8.227l-9.033,1.775a1.337,1.337,0,0,1-1.291-2.259Zm-4.355,14.035,9.033,1.775c6.13.806,6.453,5.485,4.84,8.227-1.936,2.9-6.13,4.517-9.519-.162l-5.646-7.582a1.337,1.337,0,0,1,1.291-2.259\" transform=\"translate(-109.103 -0.001)\"><\/path><\/svg>\t\t\t\t\t\t<\/span>\n\t\t\t\t\t\t\t\t\t\t<span class=\"elementor-icon-list-text\"><span>REICH<\/span> <br> Audiovisual<\/span>\n\t\t\t\t\t\t\t\t\t<\/li>\n\t\t\t\t\t\t\t\t<li class=\"elementor-icon-list-item elementor-inline-item\">\n\t\t\t\t\t\t\t\t\t\t\t<span class=\"elementor-icon-list-icon\">\n\t\t\t\t\t\t\t<svg xmlns=\"http:\/\/www.w3.org\/2000\/svg\" width=\"43.436\" height=\"47.751\" viewbox=\"0 0 43.436 47.751\"><defs><style>      .cls-1 {        fill: #0024d8;      }    <\/style><\/defs><path id=\"Path_3021\" data-name=\"Path 3021\" class=\"cls-1\" d=\"M114.77,27.748l9.035-1.775a1.336,1.336,0,0,1,1.29,2.259l-5.646,7.582c-3.871,4.678-7.581,3.065-9.517.162-1.613-2.743-1.291-7.421,4.839-8.227m5-15.809,5.323,7.582c1.291,1.291.484,2.581-1.29,2.259l-9.035-1.775c-6.13-.807-6.452-5.485-4.516-8.227,1.613-2.9,5.323-5,9.517.162M130.74,0c3.388,0,7.259,2.743,5,8.066l-3.549,8.551c-.645,1.613-1.774,1.613-2.42,0l-3.549-8.551C123.643,2.744,127.514,0,130.74,0m-1.452,31.135c.646-1.613,2.259-1.613,2.9,0l3.226,8.55c2.581,5.808-1.29,8.066-4.678,8.066-3.226,0-7.1-2.258-4.517-8.066Zm12.906-19.2c3.711-5.162,7.582-3.065,9.519-.162,1.613,2.743,1.29,7.421-4.84,8.227l-9.033,1.775a1.337,1.337,0,0,1-1.291-2.259Zm-4.355,14.035,9.033,1.775c6.13.806,6.453,5.485,4.84,8.227-1.936,2.9-6.13,4.517-9.519-.162l-5.646-7.582a1.337,1.337,0,0,1,1.291-2.259\" transform=\"translate(-109.103 -0.001)\"><\/path><\/svg>\t\t\t\t\t\t<\/span>\n\t\t\t\t\t\t\t\t\t\t<span class=\"elementor-icon-list-text\"><\/span>\n\t\t\t\t\t\t\t\t\t<\/li>\n\t\t\t\t\t\t<\/ul>\n\t\t\t\t\t\t<\/div>\n\t\t\t\t<\/div>\n\t\t\t\t<div class=\"elementor-element elementor-element-2bf01be elementor-widget-divider--view-line elementor-widget elementor-widget-divider\" data-id=\"2bf01be\" data-element_type=\"widget\" data-widget_type=\"divider.default\">\n\t\t\t\t<div class=\"elementor-widget-container\">\n\t\t\t\t\t\t\t<div class=\"elementor-divider\">\n\t\t\t<span class=\"elementor-divider-separator\">\n\t\t\t\t\t\t<\/span>\n\t\t<\/div>\n\t\t\t\t\t\t<\/div>\n\t\t\t\t<\/div>\n\t\t\t\t<div class=\"elementor-element elementor-element-0aa3661 elementor-widget elementor-widget-image\" data-id=\"0aa3661\" data-element_type=\"widget\" data-widget_type=\"image.default\">\n\t\t\t\t<div class=\"elementor-widget-container\">\n\t\t\t\t\t\t\t\t\t\t\t\t\t\t\t<img fetchpriority=\"high\" decoding=\"async\" width=\"800\" height=\"349\" src=\"https:\/\/mobbyon.com\/wp-content\/uploads\/2023\/08\/Imagen-Seccion-Conocenos-1024x447.png\" class=\"attachment-large size-large wp-image-221\" alt=\"\" srcset=\"https:\/\/mobbyon.com\/wp-content\/uploads\/2023\/08\/Imagen-Seccion-Conocenos-1024x447.png 1024w, https:\/\/mobbyon.com\/wp-content\/uploads\/2023\/08\/Imagen-Seccion-Conocenos-300x131.png 300w, https:\/\/mobbyon.com\/wp-content\/uploads\/2023\/08\/Imagen-Seccion-Conocenos-768x335.png 768w, https:\/\/mobbyon.com\/wp-content\/uploads\/2023\/08\/Imagen-Seccion-Conocenos-1536x670.png 1536w, https:\/\/mobbyon.com\/wp-content\/uploads\/2023\/08\/Imagen-Seccion-Conocenos-2048x894.png 2048w, https:\/\/mobbyon.com\/wp-content\/uploads\/2023\/08\/Imagen-Seccion-Conocenos-18x8.png 18w\" sizes=\"(max-width: 800px) 100vw, 800px\" \/>\t\t\t\t\t\t\t\t\t\t\t\t\t\t\t<\/div>\n\t\t\t\t<\/div>\n\t\t\t\t<div class=\"elementor-element elementor-element-4885ad9 elementor-widget-divider--view-line elementor-widget elementor-widget-divider\" data-id=\"4885ad9\" data-element_type=\"widget\" data-widget_type=\"divider.default\">\n\t\t\t\t<div class=\"elementor-widget-container\">\n\t\t\t\t\t\t\t<div class=\"elementor-divider\">\n\t\t\t<span class=\"elementor-divider-separator\">\n\t\t\t\t\t\t<\/span>\n\t\t<\/div>\n\t\t\t\t\t\t<\/div>\n\t\t\t\t<\/div>\n\t\t\t\t<div class=\"elementor-element elementor-element-8d4fd92 elementor-align-center elementor-widget elementor-widget-button\" data-id=\"8d4fd92\" data-element_type=\"widget\" data-widget_type=\"button.default\">\n\t\t\t\t<div class=\"elementor-widget-container\">\n\t\t\t\t\t\t\t\t\t<div class=\"elementor-button-wrapper\">\n\t\t\t\t\t<a class=\"elementor-button elementor-button-link elementor-size-lg\" href=\"https:\/\/wa.link\/ac0cjf\" target=\"_blank\">\n\t\t\t\t\t\t<span class=\"elementor-button-content-wrapper\">\n\t\t\t\t\t\t<span class=\"elementor-button-icon\">\n\t\t\t\t<i aria-hidden=\"true\" class=\"fas fa-arrow-right\"><\/i>\t\t\t<\/span>\n\t\t\t\t\t\t\t\t\t<span class=\"elementor-button-text\">Shall we begin?<\/span>\n\t\t\t\t\t<\/span>\n\t\t\t\t\t<\/a>\n\t\t\t\t<\/div>\n\t\t\t\t\t\t\t\t<\/div>\n\t\t\t\t<\/div>\n\t\t\t\t<\/div>\n\t\t<div class=\"elementor-element elementor-element-aa0342f e-flex e-con-boxed e-con e-parent\" data-id=\"aa0342f\" data-element_type=\"container\">\n\t\t\t\t\t<div class=\"e-con-inner\">\n\t\t\t\t<div class=\"elementor-element elementor-element-34023c9 elementor-widget elementor-widget-text-editor\" data-id=\"34023c9\" data-element_type=\"widget\" data-widget_type=\"text-editor.default\">\n\t\t\t\t<div class=\"elementor-widget-container\">\n\t\t\t\t\t\t\t\t\t<p>Enciende las capacidades de tu negocio<\/p>\t\t\t\t\t\t\t\t<\/div>\n\t\t\t\t<\/div>\n\t\t\t\t<div class=\"elementor-element elementor-element-2c07f51 elementor-align-center elementor-widget elementor-widget-button\" data-id=\"2c07f51\" data-element_type=\"widget\" data-widget_type=\"button.default\">\n\t\t\t\t<div class=\"elementor-widget-container\">\n\t\t\t\t\t\t\t\t\t<div class=\"elementor-button-wrapper\">\n\t\t\t\t\t<a class=\"elementor-button elementor-button-link elementor-size-lg\" href=\"https:\/\/wa.link\/ac0cjf\" target=\"_blank\">\n\t\t\t\t\t\t<span class=\"elementor-button-content-wrapper\">\n\t\t\t\t\t\t<span class=\"elementor-button-icon\">\n\t\t\t\t<i aria-hidden=\"true\" class=\"fas fa-arrow-right\"><\/i>\t\t\t<\/span>\n\t\t\t\t\t\t\t\t\t<span class=\"elementor-button-text\">\u00a1DALE ON!<\/span>\n\t\t\t\t\t<\/span>\n\t\t\t\t\t<\/a>\n\t\t\t\t<\/div>\n\t\t\t\t\t\t\t\t<\/div>\n\t\t\t\t<\/div>\n\t\t\t\t\t<\/div>\n\t\t\t\t<\/div>\n\t\t\t\t<\/div>","protected":false},"excerpt":{"rendered":"<p>Por eso encendemos nuestro lado creativo para construir la energ\u00eda que har\u00e1 mover a tu negocio. Conoce nuestro team MARI Directora de Cuentas TEBAN Especialista SEM VALEN Dise\u00f1adora Gr\u00e1fica LAU Creadora de Contenido Tambi\u00e9n trabajamos con SEBAS Desarrollador Web CORI Dise\u00f1adora UX\/UI REICH Audiovisual \u00bfEmpezamos? Enciende las capacidades de tu negocio \u00a1DALE ON!<\/p>","protected":false},"author":1,"featured_media":0,"parent":0,"menu_order":0,"comment_status":"closed","ping_status":"closed","template":"","meta":{"footnotes":"","_joinchat":[]},"_links":{"self":[{"href":"https:\/\/mobbyon.com\/en\/wp-json\/wp\/v2\/pages\/201"}],"collection":[{"href":"https:\/\/mobbyon.com\/en\/wp-json\/wp\/v2\/pages"}],"about":[{"href":"https:\/\/mobbyon.com\/en\/wp-json\/wp\/v2\/types\/page"}],"author":[{"embeddable":true,"href":"https:\/\/mobbyon.com\/en\/wp-json\/wp\/v2\/users\/1"}],"replies":[{"embeddable":true,"href":"https:\/\/mobbyon.com\/en\/wp-json\/wp\/v2\/comments?post=201"}],"version-history":[{"count":31,"href":"https:\/\/mobbyon.com\/en\/wp-json\/wp\/v2\/pages\/201\/revisions"}],"predecessor-version":[{"id":279,"href":"https:\/\/mobbyon.com\/en\/wp-json\/wp\/v2\/pages\/201\/revisions\/279"}],"wp:attachment":[{"href":"https:\/\/mobbyon.com\/en\/wp-json\/wp\/v2\/media?parent=201"}],"curies":[{"name":"wp","href":"https:\/\/api.w.org\/{rel}","templated":true}]}}